{"id":7,"date":"2025-05-21T13:27:30","date_gmt":"2025-05-21T13:27:30","guid":{"rendered":"https:\/\/premiercontabilitate.ro\/?page_id=7"},"modified":"2025-10-28T11:07:30","modified_gmt":"2025-10-28T11:07:30","slug":"home","status":"publish","type":"page","link":"https:\/\/premiercontabilitate.ro\/","title":{"rendered":"Acas\u0103"},"content":{"rendered":"\n<div class=\"wp-block-cover alignfull is-light\" style=\"min-height:720px;aspect-ratio:unset;\"><span aria-hidden=\"true\" class=\"wp-block-cover__background has-background-dim has-background-gradient\" style=\"background:linear-gradient(35deg,rgb(6,0,151) 0%,rgb(130,4,255) 71%,rgb(193,15,255) 100%)\"><\/span><div class=\"wp-block-cover__inner-container is-layout-flow wp-block-cover-is-layout-flow\">\n<div class=\"inherit-container-width wp-block-group alignwide is-layout-constrained wp-block-group-is-layout-constrained\">\n<div class=\"wp-block-media-text alignfull has-media-on-the-right is-stacked-on-mobile is-vertically-aligned-center\" style=\"grid-template-columns:auto 43%\"><div class=\"wp-block-media-text__content\">\n<h1 class=\"wp-block-heading has-text-align-left has-white-color has-text-color\">Cau\u021bi un contabil?<\/h1>\n\n\n\n<p class=\"has-text-align-left has-white-color has-text-color\">Premier Accounting Services este cabinetul de contabilitate pe care te po\u021bi baza!<\/p>\n\n\n\n<div class=\"wp-block-buttons is-layout-flex wp-block-buttons-is-layout-flex\">\n<div class=\"wp-block-button is-style-fill\"><a class=\"wp-block-button__link wp-element-button\" href=\"tel:+40726888076\"><strong>CONTACT<\/strong><\/a><\/div>\n<\/div>\n<\/div><figure class=\"wp-block-media-text__media\"><img loading=\"lazy\" decoding=\"async\" width=\"1024\" height=\"1024\" src=\"https:\/\/premiercontabilitate.ro\/wp-content\/uploads\/2025\/07\/contabil-1024x1024.png\" alt=\"\" class=\"wp-image-69 size-full\" srcset=\"https:\/\/premiercontabilitate.ro\/wp-content\/uploads\/2025\/07\/contabil-1024x1024.png 1024w, https:\/\/premiercontabilitate.ro\/wp-content\/uploads\/2025\/07\/contabil-300x300.png 300w, https:\/\/premiercontabilitate.ro\/wp-content\/uploads\/2025\/07\/contabil-150x150.png 150w, https:\/\/premiercontabilitate.ro\/wp-content\/uploads\/2025\/07\/contabil-768x768.png 768w, https:\/\/premiercontabilitate.ro\/wp-content\/uploads\/2025\/07\/contabil.png 1080w\" sizes=\"auto, (max-width: 1024px) 100vw, 1024px\" \/><\/figure><\/div>\n<\/div>\n<\/div><\/div>\n\n\n\n<div class=\"wp-block-group alignfull has-ast-global-color-5-background-color has-background is-layout-constrained wp-container-core-group-is-layout-9cedb757 wp-block-group-is-layout-constrained\" style=\"padding-bottom:0px\">\n<div class=\"wp-block-columns are-vertically-aligned-top is-layout-flex wp-container-core-columns-is-layout-00723822 wp-block-columns-is-layout-flex\">\n<div class=\"wp-block-column is-vertically-aligned-top is-layout-flow wp-container-core-column-is-layout-6b73ce23 wp-block-column-is-layout-flow\">\n<figure class=\"wp-block-image size-full is-resized\"><img loading=\"lazy\" decoding=\"async\" width=\"240\" height=\"240\" src=\"https:\/\/premiercontabilitate.ro\/wp-content\/uploads\/2025\/07\/iconmonstr-map-8-240.png\" alt=\"\" class=\"wp-image-51\" style=\"width:47px;height:auto\" srcset=\"https:\/\/premiercontabilitate.ro\/wp-content\/uploads\/2025\/07\/iconmonstr-map-8-240.png 240w, https:\/\/premiercontabilitate.ro\/wp-content\/uploads\/2025\/07\/iconmonstr-map-8-240-150x150.png 150w\" sizes=\"auto, (max-width: 240px) 100vw, 240px\" \/><\/figure>\n\n\n\n<h3 class=\"wp-block-heading has-text-align-left\" style=\"margin-top:16px\">Na\u021bional<\/h3>\n\n\n\n<p class=\"has-text-align-left\">Ajut\u0103m antreprenori din toat\u0103 \u021bara cu servicii contabile premium<\/p>\n<\/div>\n\n\n\n<div class=\"wp-block-column is-vertically-aligned-top is-layout-flow wp-container-core-column-is-layout-6b73ce23 wp-block-column-is-layout-flow\">\n<figure class=\"wp-block-image size-full is-resized\"><img loading=\"lazy\" decoding=\"async\" width=\"240\" height=\"240\" src=\"https:\/\/premiercontabilitate.ro\/wp-content\/uploads\/2025\/07\/iconmonstr-heart-plus-filled-240.png\" alt=\"\" class=\"wp-image-52\" style=\"width:47px\" srcset=\"https:\/\/premiercontabilitate.ro\/wp-content\/uploads\/2025\/07\/iconmonstr-heart-plus-filled-240.png 240w, https:\/\/premiercontabilitate.ro\/wp-content\/uploads\/2025\/07\/iconmonstr-heart-plus-filled-240-150x150.png 150w\" sizes=\"auto, (max-width: 240px) 100vw, 240px\" \/><\/figure>\n\n\n\n<h3 class=\"wp-block-heading has-text-align-left\" style=\"margin-top:16px\">Empatie<\/h3>\n\n\n\n<p class=\"has-text-align-left\">\u00cen\u021belegem nevoile fiec\u0103rui antreprenor \u0219i sus\u021binem succesul acestora<\/p>\n<\/div>\n\n\n\n<div class=\"wp-block-column is-vertically-aligned-top is-layout-flow wp-container-core-column-is-layout-6b73ce23 wp-block-column-is-layout-flow\">\n<figure class=\"wp-block-image size-full is-resized\"><img loading=\"lazy\" decoding=\"async\" width=\"240\" height=\"240\" src=\"https:\/\/premiercontabilitate.ro\/wp-content\/uploads\/2025\/07\/iconmonstr-award-18-240.png\" alt=\"\" class=\"wp-image-53\" style=\"width:47px\" srcset=\"https:\/\/premiercontabilitate.ro\/wp-content\/uploads\/2025\/07\/iconmonstr-award-18-240.png 240w, https:\/\/premiercontabilitate.ro\/wp-content\/uploads\/2025\/07\/iconmonstr-award-18-240-150x150.png 150w\" sizes=\"auto, (max-width: 240px) 100vw, 240px\" \/><\/figure>\n\n\n\n<h3 class=\"wp-block-heading has-text-align-left\" style=\"margin-top:16px\">Experien\u021b\u0103<\/h3>\n\n\n\n<p class=\"has-text-align-left\">Avem o experien\u021b\u0103 de peste 18 ani \u00een servicii premium de contabilitate<\/p>\n<\/div>\n\n\n\n<div class=\"wp-block-column is-vertically-aligned-top is-layout-flow wp-container-core-column-is-layout-6b73ce23 wp-block-column-is-layout-flow\">\n<figure class=\"wp-block-image size-full is-resized\"><img loading=\"lazy\" decoding=\"async\" width=\"240\" height=\"240\" src=\"https:\/\/premiercontabilitate.ro\/wp-content\/uploads\/2025\/07\/iconmonstr-check-mark-6-240.png\" alt=\"\" class=\"wp-image-55\" style=\"width:47px\" srcset=\"https:\/\/premiercontabilitate.ro\/wp-content\/uploads\/2025\/07\/iconmonstr-check-mark-6-240.png 240w, https:\/\/premiercontabilitate.ro\/wp-content\/uploads\/2025\/07\/iconmonstr-check-mark-6-240-150x150.png 150w\" sizes=\"auto, (max-width: 240px) 100vw, 240px\" \/><\/figure>\n\n\n\n<h3 class=\"wp-block-heading has-text-align-left\" style=\"margin-top:16px\">Transparen\u021b\u0103<\/h3>\n\n\n\n<p class=\"has-text-align-left\">Explic\u0103m mereu pe \u00een\u021belesul tuturor, pentru claritate \u0219i \u00eencredere<\/p>\n<\/div>\n<\/div>\n<\/div>\n\n\n\n<div class=\"wp-block-group alignfull is-layout-constrained wp-container-core-group-is-layout-45b0ac4f wp-block-group-is-layout-constrained\" id=\"services\" style=\"padding-top:144px;padding-bottom:0px\">\n<h2 class=\"wp-block-heading\">Servicii<\/h2>\n\n\n\n<div class=\"wp-block-columns is-layout-flex wp-container-core-columns-is-layout-60cbf9bb wp-block-columns-is-layout-flex\" style=\"margin-top:50px\">\n<div class=\"wp-block-column is-layout-flow wp-container-core-column-is-layout-6b73ce23 wp-block-column-is-layout-flow\">\n<figure class=\"wp-block-image size-full\"><img loading=\"lazy\" decoding=\"async\" width=\"1080\" height=\"1080\" src=\"https:\/\/premiercontabilitate.ro\/wp-content\/uploads\/2025\/05\/2.png\" alt=\"\" class=\"wp-image-39\" srcset=\"https:\/\/premiercontabilitate.ro\/wp-content\/uploads\/2025\/05\/2.png 1080w, https:\/\/premiercontabilitate.ro\/wp-content\/uploads\/2025\/05\/2-300x300.png 300w, https:\/\/premiercontabilitate.ro\/wp-content\/uploads\/2025\/05\/2-1024x1024.png 1024w, https:\/\/premiercontabilitate.ro\/wp-content\/uploads\/2025\/05\/2-150x150.png 150w, https:\/\/premiercontabilitate.ro\/wp-content\/uploads\/2025\/05\/2-768x768.png 768w\" sizes=\"auto, (max-width: 1080px) 100vw, 1080px\" \/><\/figure>\n\n\n\n<h3 class=\"wp-block-heading\" style=\"margin-top:16px\">\u00cenfiin\u021b\u0103ri firme<\/h3>\n\n\n\n<p>Oferim servicii de \u00eenfiin\u021b\u0103ri SRL \u0219i PFA, \u00een toat\u0103 Rom\u00e2nia<\/p>\n<\/div>\n\n\n\n<div class=\"wp-block-column is-layout-flow wp-container-core-column-is-layout-6b73ce23 wp-block-column-is-layout-flow\">\n<figure class=\"wp-block-image size-full\"><img loading=\"lazy\" decoding=\"async\" width=\"1080\" height=\"1080\" src=\"https:\/\/premiercontabilitate.ro\/wp-content\/uploads\/2025\/05\/3.png\" alt=\"\" class=\"wp-image-40\" srcset=\"https:\/\/premiercontabilitate.ro\/wp-content\/uploads\/2025\/05\/3.png 1080w, https:\/\/premiercontabilitate.ro\/wp-content\/uploads\/2025\/05\/3-300x300.png 300w, https:\/\/premiercontabilitate.ro\/wp-content\/uploads\/2025\/05\/3-1024x1024.png 1024w, https:\/\/premiercontabilitate.ro\/wp-content\/uploads\/2025\/05\/3-150x150.png 150w, https:\/\/premiercontabilitate.ro\/wp-content\/uploads\/2025\/05\/3-768x768.png 768w\" sizes=\"auto, (max-width: 1080px) 100vw, 1080px\" \/><\/figure>\n\n\n\n<h3 class=\"wp-block-heading\" style=\"margin-top:16px\">Eviden\u021b\u0103 contabil\u0103<\/h3>\n\n\n\n<p>Ne ocup\u0103m de contabilitatea companiei tale, pentru siguran\u021ba afacerii <\/p>\n<\/div>\n\n\n\n<div class=\"wp-block-column is-layout-flow wp-container-core-column-is-layout-6b73ce23 wp-block-column-is-layout-flow\">\n<figure class=\"wp-block-image size-full\"><img loading=\"lazy\" decoding=\"async\" width=\"1080\" height=\"1080\" src=\"https:\/\/premiercontabilitate.ro\/wp-content\/uploads\/2025\/07\/5.png\" alt=\"\" class=\"wp-image-48\" srcset=\"https:\/\/premiercontabilitate.ro\/wp-content\/uploads\/2025\/07\/5.png 1080w, https:\/\/premiercontabilitate.ro\/wp-content\/uploads\/2025\/07\/5-300x300.png 300w, https:\/\/premiercontabilitate.ro\/wp-content\/uploads\/2025\/07\/5-1024x1024.png 1024w, https:\/\/premiercontabilitate.ro\/wp-content\/uploads\/2025\/07\/5-150x150.png 150w, https:\/\/premiercontabilitate.ro\/wp-content\/uploads\/2025\/07\/5-768x768.png 768w\" sizes=\"auto, (max-width: 1080px) 100vw, 1080px\" \/><\/figure>\n\n\n\n<h3 class=\"wp-block-heading\" style=\"margin-top:16px\">Resurse umane<\/h3>\n\n\n\n<p>Oferim servicii de administrare personal \u0219i salarizare<\/p>\n<\/div>\n<\/div>\n<\/div>\n\n\n\n<div class=\"wp-block-group alignfull has-ast-global-color-5-background-color has-background is-layout-constrained wp-container-core-group-is-layout-94d206d0 wp-block-group-is-layout-constrained\" id=\"about\" style=\"padding-top:143px;padding-bottom:144px\">\n<div class=\"wp-block-media-text has-media-on-the-right is-stacked-on-mobile is-vertically-aligned-center\" style=\"grid-template-columns:auto 39%\"><div class=\"wp-block-media-text__content\">\n<div class=\"wp-block-group is-layout-constrained wp-container-core-group-is-layout-7627cafd wp-block-group-is-layout-constrained\" style=\"padding-right:80px\">\n<h2 class=\"wp-block-heading alignfull has-medium-font-size\" style=\"padding-right:40px\">Sus\u021binem antreprenorii spre succes<\/h2>\n\n\n\n<p>De peste 18 ani am ales s\u0103 oferim doar servicii premium \u00een contabilitate \u0219i resurse umane!<\/p>\n\n\n\n<p>Am \u00een\u021beles c\u0103 dincolo de cifre, afacerile \u00eenseamn\u0103 \u0219i visurile unor antreprenori care \u00ee\u0219i iubesc domeniul dar nu \u00een\u021beleg mereu legisla\u021bia \u0219i probleme ei! Aici intervenim noi!<\/p>\n\n\n\n<p>Cu empatie \u0219i claritate, explic\u0103m totul pe \u00een\u021belesul fiec\u0103ruia \u0219i mergem \u00eempreun\u0103 pe drumul spre succes!<\/p>\n<\/div>\n<\/div><figure class=\"wp-block-media-text__media\"><img loading=\"lazy\" decoding=\"async\" width=\"768\" height=\"1024\" src=\"https:\/\/premiercontabilitate.ro\/wp-content\/uploads\/2025\/05\/WhatsApp-Image-2025-01-18-at-15.34.37-768x1024.jpeg\" alt=\"\" class=\"wp-image-42 size-full\" srcset=\"https:\/\/premiercontabilitate.ro\/wp-content\/uploads\/2025\/05\/WhatsApp-Image-2025-01-18-at-15.34.37-768x1024.jpeg 768w, https:\/\/premiercontabilitate.ro\/wp-content\/uploads\/2025\/05\/WhatsApp-Image-2025-01-18-at-15.34.37-225x300.jpeg 225w, https:\/\/premiercontabilitate.ro\/wp-content\/uploads\/2025\/05\/WhatsApp-Image-2025-01-18-at-15.34.37-1152x1536.jpeg 1152w, https:\/\/premiercontabilitate.ro\/wp-content\/uploads\/2025\/05\/WhatsApp-Image-2025-01-18-at-15.34.37-1536x2048.jpeg 1536w, https:\/\/premiercontabilitate.ro\/wp-content\/uploads\/2025\/05\/WhatsApp-Image-2025-01-18-at-15.34.37-scaled.jpeg 1920w\" sizes=\"auto, (max-width: 768px) 100vw, 768px\" \/><\/figure><\/div>\n<\/div>\n\n\n\n<div class=\"wp-block-group alignfull has-ast-global-color-4-background-color has-background is-layout-constrained wp-container-core-group-is-layout-6a2cfb7b wp-block-group-is-layout-constrained\" id=\"reviews\">\n<figure class=\"wp-block-image aligncenter size-full is-resized is-style-rounded\"><img loading=\"lazy\" decoding=\"async\" width=\"1080\" height=\"1080\" src=\"https:\/\/premiercontabilitate.ro\/wp-content\/uploads\/2025\/05\/4.png\" alt=\"\" class=\"wp-image-44\" style=\"width:114px;height:auto\" srcset=\"https:\/\/premiercontabilitate.ro\/wp-content\/uploads\/2025\/05\/4.png 1080w, https:\/\/premiercontabilitate.ro\/wp-content\/uploads\/2025\/05\/4-300x300.png 300w, https:\/\/premiercontabilitate.ro\/wp-content\/uploads\/2025\/05\/4-1024x1024.png 1024w, https:\/\/premiercontabilitate.ro\/wp-content\/uploads\/2025\/05\/4-150x150.png 150w, https:\/\/premiercontabilitate.ro\/wp-content\/uploads\/2025\/05\/4-768x768.png 768w\" sizes=\"auto, (max-width: 1080px) 100vw, 1080px\" \/><\/figure>\n\n\n\n<p class=\"has-text-align-center\" style=\"font-size:22px;line-height:1.6\">\u201cAvem grij\u0103 de cifrele afacerii tale, pentru ca tu s\u0103 p\u0103strezi bucuria pentru care ai devenit antreprenor!\u201d<\/p>\n\n\n\n<p class=\"has-text-align-center\"><strong>Gabriela Otilia Deac- CEO Premier Accounting Services<\/strong><\/p>\n<\/div>\n\n\n\n<div class=\"wp-block-group alignfull is-layout-constrained wp-container-core-group-is-layout-3fee123f wp-block-group-is-layout-constrained\" id=\"whyus\" style=\"padding-top:144px;padding-bottom:144px\">\n<h2 class=\"wp-block-heading\">De ce s\u0103 ne alegi?<\/h2>\n\n\n\n<div class=\"wp-block-columns is-layout-flex wp-container-core-columns-is-layout-29aadeec wp-block-columns-is-layout-flex\" style=\"margin-top:60px\">\n<div class=\"wp-block-column is-layout-flow wp-container-core-column-is-layout-6b73ce23 wp-block-column-is-layout-flow\">\n<figure class=\"wp-block-image size-thumbnail is-resized\"><img loading=\"lazy\" decoding=\"async\" width=\"150\" height=\"150\" src=\"https:\/\/premiercontabilitate.ro\/wp-content\/uploads\/2025\/07\/iconmonstr-thumb-15-240-150x150.png\" alt=\"\" class=\"wp-image-56\" style=\"width:47px\" srcset=\"https:\/\/premiercontabilitate.ro\/wp-content\/uploads\/2025\/07\/iconmonstr-thumb-15-240-150x150.png 150w, https:\/\/premiercontabilitate.ro\/wp-content\/uploads\/2025\/07\/iconmonstr-thumb-15-240.png 240w\" sizes=\"auto, (max-width: 150px) 100vw, 150px\" \/><\/figure>\n\n\n\n<h3 class=\"wp-block-heading\" style=\"margin-top:16px\">Seriozitate<\/h3>\n\n\n\n<p>Cu pasiune \u0219i experien\u021b\u0103 de peste 18 ani \u00een domeniul fiscal contabil, avem grij\u0103 ca afacerea ta s\u0103 beneficieze de servicii premium<\/p>\n<\/div>\n\n\n\n<div class=\"wp-block-column is-layout-flow wp-container-core-column-is-layout-6b73ce23 wp-block-column-is-layout-flow\">\n<figure class=\"wp-block-image size-full is-resized\"><img loading=\"lazy\" decoding=\"async\" width=\"240\" height=\"240\" src=\"https:\/\/premiercontabilitate.ro\/wp-content\/uploads\/2025\/07\/iconmonstr-handshake-7-240.png\" alt=\"\" class=\"wp-image-57\" style=\"width:47px\" srcset=\"https:\/\/premiercontabilitate.ro\/wp-content\/uploads\/2025\/07\/iconmonstr-handshake-7-240.png 240w, https:\/\/premiercontabilitate.ro\/wp-content\/uploads\/2025\/07\/iconmonstr-handshake-7-240-150x150.png 150w\" sizes=\"auto, (max-width: 240px) 100vw, 240px\" \/><\/figure>\n\n\n\n<h3 class=\"wp-block-heading\" style=\"margin-top:16px\">Sus\u021binere<\/h3>\n\n\n\n<p>Lucr\u0103m cu oameni nu doar cifre! \u00cen\u021belegem c\u0103 dincolo de cifre sunt oameni reali \u0219i sus\u021binem fiecare client spre succes<\/p>\n<\/div>\n\n\n\n<div class=\"wp-block-column is-layout-flow wp-container-core-column-is-layout-6b73ce23 wp-block-column-is-layout-flow\">\n<figure class=\"wp-block-image size-thumbnail is-resized\"><img loading=\"lazy\" decoding=\"async\" width=\"150\" height=\"150\" src=\"https:\/\/premiercontabilitate.ro\/wp-content\/uploads\/2025\/07\/iconmonstr-eye-3-240-150x150.png\" alt=\"\" class=\"wp-image-58\" style=\"width:47px\" srcset=\"https:\/\/premiercontabilitate.ro\/wp-content\/uploads\/2025\/07\/iconmonstr-eye-3-240-150x150.png 150w, https:\/\/premiercontabilitate.ro\/wp-content\/uploads\/2025\/07\/iconmonstr-eye-3-240.png 240w\" sizes=\"auto, (max-width: 150px) 100vw, 150px\" \/><\/figure>\n\n\n\n<h3 class=\"wp-block-heading\" style=\"margin-top:16px\">Claritate<\/h3>\n\n\n\n<p>Nu to\u021bi antreprenorii \u00een\u021beleg \u0219i contabilitatea, de aceea explic\u0103m \u0219i avem r\u0103bdare cu fiecare \u00een parte, pentru transparen\u021b\u0103 total\u0103<\/p>\n<\/div>\n<\/div>\n<\/div>\n\n\n\n<div class=\"wp-block-group alignfull has-background is-layout-constrained wp-container-core-group-is-layout-cfcca693 wp-block-group-is-layout-constrained\" id=\"contact\" style=\"background:linear-gradient(35deg,rgb(6,0,151) 0%,rgb(130,4,255) 64%,rgb(193,15,255) 98%);padding-top:104px;padding-bottom:104px\">\n<h2 class=\"wp-block-heading has-text-align-center has-text-color\" style=\"color:#ffffff\">Ai nevoie de un contabil?<\/h2>\n\n\n\n<div class=\"wp-block-buttons alignwide is-horizontal is-content-justification-center is-layout-flex wp-container-core-buttons-is-layout-bba8380a wp-block-buttons-is-layout-flex\" style=\"margin-top:50px\">\n<div class=\"wp-block-button\"><a class=\"wp-block-button__link wp-element-button\" href=\"tel:+40726888076\">Programeaz\u0103 o \u00eent\u00e2lnire<\/a><\/div>\n<\/div>\n<\/div>\n\n\n\n<p><\/p>\n","protected":false},"excerpt":{"rendered":"<p>Na\u021bional Ajut\u0103m antreprenori din toat\u0103 \u021bara cu servicii contabile premium Empatie \u00cen\u021belegem nevoile fiec\u0103rui antreprenor \u0219i sus\u021binem succesul acestora Experien\u021b\u0103 [&hellip;]<\/p>\n","protected":false},"author":1,"featured_media":0,"parent":0,"menu_order":0,"comment_status":"closed","ping_status":"closed","template":"","meta":{"site-sidebar-layout":"no-sidebar","site-content-layout":"plain-container","ast-site-content-layout":"","site-content-style":"default","site-sidebar-style":"default","ast-global-header-display":"","ast-banner-title-visibility":"","ast-main-header-display":"","ast-hfb-above-header-display":"","ast-hfb-below-header-display":"","ast-hfb-mobile-header-display":"","site-post-title":"disabled","ast-breadcrumbs-content":"","ast-featured-img":"","footer-sml-layout":"","theme-transparent-header-meta":"enabled","adv-header-id-meta":"","stick-header-meta":"","header-above-stick-meta":"","header-main-stick-meta":"","header-below-stick-meta":"","astra-migrate-meta-layouts":"default","ast-page-background-enabled":"default","ast-page-background-meta":{"desktop":{"background-color":"var(--ast-global-color-5)","background-image":"","background-repeat":"repeat","background-position":"center center","background-size":"auto","background-attachment":"scroll","background-type":"","background-media":"","overlay-type":"","overlay-color":"","overlay-opacity":"","overlay-gradient":""},"tablet":{"background-color":"","background-image":"","background-repeat":"repeat","background-position":"center center","background-size":"auto","background-attachment":"scroll","background-type":"","background-media":"","overlay-type":"","overlay-color":"","overlay-opacity":"","overlay-gradient":""},"mobile":{"background-color":"","background-image":"","background-repeat":"repeat","background-position":"center center","background-size":"auto","background-attachment":"scroll","background-type":"","background-media":"","overlay-type":"","overlay-color":"","overlay-opacity":"","overlay-gradient":""}},"ast-content-background-meta":{"desktop":{"background-color":"var(--ast-global-color-4)","background-image":"","background-repeat":"repeat","background-position":"center center","background-size":"auto","background-attachment":"scroll","background-type":"","background-media":"","overlay-type":"","overlay-color":"","overlay-opacity":"","overlay-gradient":""},"tablet":{"background-color":"var(--ast-global-color-4)","background-image":"","background-repeat":"repeat","background-position":"center center","background-size":"auto","background-attachment":"scroll","background-type":"","background-media":"","overlay-type":"","overlay-color":"","overlay-opacity":"","overlay-gradient":""},"mobile":{"background-color":"var(--ast-global-color-4)","background-image":"","background-repeat":"repeat","background-position":"center center","background-size":"auto","background-attachment":"scroll","background-type":"","background-media":"","overlay-type":"","overlay-color":"","overlay-opacity":"","overlay-gradient":""}},"footnotes":""},"class_list":["post-7","page","type-page","status-publish","hentry"],"_links":{"self":[{"href":"https:\/\/premiercontabilitate.ro\/index.php\/wp-json\/wp\/v2\/pages\/7","targetHints":{"allow":["GET"]}}],"collection":[{"href":"https:\/\/premiercontabilitate.ro\/index.php\/wp-json\/wp\/v2\/pages"}],"about":[{"href":"https:\/\/premiercontabilitate.ro\/index.php\/wp-json\/wp\/v2\/types\/page"}],"author":[{"embeddable":true,"href":"https:\/\/premiercontabilitate.ro\/index.php\/wp-json\/wp\/v2\/users\/1"}],"replies":[{"embeddable":true,"href":"https:\/\/premiercontabilitate.ro\/index.php\/wp-json\/wp\/v2\/comments?post=7"}],"version-history":[{"count":16,"href":"https:\/\/premiercontabilitate.ro\/index.php\/wp-json\/wp\/v2\/pages\/7\/revisions"}],"predecessor-version":[{"id":87,"href":"https:\/\/premiercontabilitate.ro\/index.php\/wp-json\/wp\/v2\/pages\/7\/revisions\/87"}],"wp:attachment":[{"href":"https:\/\/premiercontabilitate.ro\/index.php\/wp-json\/wp\/v2\/media?parent=7"}],"curies":[{"name":"wp","href":"https:\/\/api.w.org\/{rel}","templated":true}]}}